{"id":914,"date":"2025-03-18T13:03:51","date_gmt":"2025-03-18T12:03:51","guid":{"rendered":"https:\/\/loyalbusinessconsulting.com\/politique-de-confidentialite\/"},"modified":"2025-05-29T18:45:29","modified_gmt":"2025-05-29T16:45:29","slug":"politique-de-confidentialite","status":"publish","type":"page","link":"https:\/\/loyalbusinessconsulting.com\/fr\/politique-de-confidentialite\/","title":{"rendered":"Politique de confidentialit\u00e9"},"content":{"rendered":"\n<div><strong><u>CLAUSE DU FORMULAIRE DE CONTACT<\/u><\/strong><\/div>\n<div><strong>Informations sur le traitement des donn\u00e9es :<\/strong> LQPD 29\/2021 et RGPD (EU) 2016\/679<br><strong>Responsable du traitement :<\/strong> LOYAL SL<\/div>\n<div><strong>NRT :<\/strong> L714927N<\/div>\n<div><strong>Adresse :<\/strong> C\/ de la Constituci\u00f3, 15, bureau 310. <\/div>\n<div><strong>T\u00e9l\u00e9phone :<\/strong> (+376) 800 870<\/div>\n<div><strong>Finalit\u00e9 :<\/strong> Offrir, fournir et facturer nos services.<br><strong>L\u00e9gitimation :<\/strong> Consentement de l&rsquo;int\u00e9ress\u00e9.<br><strong>Destinataires :<\/strong> Les donn\u00e9es ne seront pas transf\u00e9r\u00e9es \u00e0 des tiers, sauf si la loi l&rsquo;exige ou si cela est n\u00e9cessaire pour respecter la finalit\u00e9 du traitement.<br><strong>Droits :<\/strong> Vous pouvez acc\u00e9der aux donn\u00e9es, les rectifier et les supprimer, ainsi qu&rsquo;exercer les autres droits expliqu\u00e9s dans notre <strong>politique de confidentialit\u00e9 et de protection des donn\u00e9es<\/strong>.<\/div>\n<div>Vous trouverez de plus amples informations dans notre <strong>politique de confidentialit\u00e9 et de protection des donn\u00e9es<\/strong>.<br><strong>Identification de notre DPD :<\/strong> Albert PONS avec le num\u00e9ro de r\u00e9solution APD-2024-000586. <u><a href=\"mailto:dpd@loyal.ad\">dpd@loyal.ad<\/a><\/u>.<\/div>\n<div> <\/div>\n<div><b><u>2. Avis juridique Politique de confidentialit\u00e9 et de protection des donn\u00e9es<\/u><\/b><\/div>\n<div><b>LOYAL, SL<\/b><\/div>\n<div><b>TEXTE DE L&rsquo;AVIS JURIDIQUE<\/b><\/div>\n<div>Conform\u00e9ment aux dispositions de la <b>loi 12\/2013 du 13 juin qui r\u00e9gule le commerce et le commerce \u00e9lectronique, ainsi que de la loi 35\/2014 du 27 novembre sur les services de confiance \u00e9lectroniques<\/b>, le pr\u00e9sent avis l\u00e9gal informe que <b><u><a href=\"http:\/\/www.loyalbusinessconsulting.com\" target=\"_blank\" rel=\"noopener\">www.loyalbusinessconsulting.com<\/a><\/u><\/b> est un domaine de l&rsquo;entreprise LOYAL, SL dont le si\u00e8ge social est situ\u00e9 \u00e0  <b>C\/ de la Constituci\u00f3, 15, Torre 1 Despacho 310 &#8211; ESCALDES ENGORDANY (PRINCIPAUT\u00c9 D&rsquo;ANDORRE)  <\/b>t\u00e9l\u00e9phone (+376) 800 870 et e-mail : <u><a href=\"mailto:info@loyal.ad\" target=\"_blank\" rel=\"noopener\">info@loyal.ad<\/a><\/u>.<\/div>\n<div>Inscrit au Registre des Soci\u00e9t\u00e9s de la Principaut\u00e9 d&rsquo;Andorre sous le num\u00e9ro 18831, livre S-316, folios 311-320, entr\u00e9e de donn\u00e9es le 22 f\u00e9vrier 2021 avec NRT L-714927N.<\/div>\n<div>Pour de plus amples informations, veuillez contacter notre <b>d\u00e9l\u00e9gu\u00e9 \u00e0 la protection des donn\u00e9es<\/b>, qui r\u00e9pondra \u00e0 toutes vos questions et clarifications. Ses coordonn\u00e9es et son identification sont les suivantes : ALBERT PONS &#8211; <u><a href=\"mailto:dpd@loyal.ad\" target=\"_blank\" rel=\"noopener\">dpd@loyal.ad<\/a><\/u>. <\/div>\n<div><b><br>L&rsquo;ACC\u00c8S AUX UTILISATEURS<\/b><\/div>\n<div>Acc\u00e8s au site web <b><u><a href=\"http:\/\/www.loyalbusinessconsulting.com\" target=\"_blank\" rel=\"noopener\">www.loyalbusinessconsulting.com<\/a><\/u><\/b> conf\u00e8re \u00e0 l&rsquo;UTILISATEUR le statut d&rsquo;UTILISATEUR et exprime l&rsquo;acceptation totale et sans r\u00e9serve par l&rsquo;UTILISATEUR de l&rsquo;ensemble des pr\u00e9sentes CONDITIONS D&rsquo;UTILISATION.<\/div>\n<div>La prestation du service d&rsquo;h\u00e9bergement est gratuite. Toutefois, <b>LOYAL, SL<\/b> se r\u00e9serve le droit de conditionner l&rsquo;acc\u00e8s \u00e0 certains services sp\u00e9cifiques \u00e0 l&rsquo;enregistrement pr\u00e9alable de l&rsquo;UTILISATEUR par le biais du formulaire de contact et\/ou de la lettre d&rsquo;information, qui seront, le cas \u00e9ch\u00e9ant, disponibles pour ceux qui souhaitent s&rsquo;enregistrer en tant qu&rsquo;UTILISATEUR ENREGISTR\u00c9. <\/div>\n<div>Lorsqu&rsquo;il est n\u00e9cessaire que l&rsquo;UTILISATEUR s&rsquo;inscrive en tant qu&rsquo;UTILISATEUR ENREGISTR\u00c9 ou fournisse des donn\u00e9es personnelles pour acc\u00e9der \u00e0 l&rsquo;un des services sp\u00e9cifiques, les dispositions de la section relative \u00e0 la politique de confidentialit\u00e9 s&rsquo;appliqueront \u00e0 la collecte et au traitement des donn\u00e9es personnelles des UTILISATEURS, sans contrevenir \u00e0 la l\u00e9gislation en vigueur, \u00e0 la bonne foi, aux usages g\u00e9n\u00e9ralement accept\u00e9s et \u00e0 l&rsquo;ordre public. Il est \u00e9galement interdit d&rsquo;utiliser le site web \u00e0 des fins ill\u00e9gales ou pr\u00e9judiciables \u00e0 <b>LOYAL, SL<\/b> ou \u00e0 tout autre tiers, qui, d&rsquo;une mani\u00e8re ou d&rsquo;une autre, peuvent causer des dommages ou entraver le fonctionnement normal du site web. Dans ce cas, <b>LOYAL, SL<\/b> se r\u00e9serve le droit d&rsquo;intenter une action en justice.  <\/div>\n<div><b> <\/b><\/div>\n<div><b>LA POLITIQUE DE CONFIDENTIALIT\u00c9 DU SITE WEB ET DE L&rsquo;APPLICATION.<\/b><\/div>\n<div><span>En utilisant ce site web, les applications et\/ou en communiquant \u00e9lectroniquement avec <b>LOYAL SL<\/b> par l&rsquo;interm\u00e9diaire de son site web, vous <b>acceptez d&rsquo;\u00eatre<\/b> li\u00e9 par les termes et conditions suivants<\/span><span> <\/span><span><b><u><a id=\"m_-8901495771464812008OWAcefe7e21-de16-2409-0c1c-f600f75bd4dd\" title=\"http:\/\/www.loyalbusinessconsulting.com\" href=\"http:\/\/www.loyalbusinessconsulting.com\/\" target=\"_blank\" rel=\"noopener\">www.loyalbusinessconsulting.com<\/a><\/u><\/b><\/span><span> <\/span><span>Les donn\u00e9es personnelles demand\u00e9es \u00e0 l&rsquo;utilisateur sont collect\u00e9es et trait\u00e9es. Les donn\u00e9es fournies par l&rsquo;utilisateur seront incorpor\u00e9es \u00e0 un fichier automatis\u00e9 de donn\u00e9es personnelles, propri\u00e9t\u00e9 de <b>LOYAL, SL,<\/b> qui sera trait\u00e9 afin de fournir les services demand\u00e9s par l&rsquo;utilisateur. L&rsquo;utilisateur autorise le traitement automatis\u00e9 des donn\u00e9es personnelles fournies, n\u00e9cessaire \u00e0 la prestation des services convenus, ainsi que les conditions r\u00e9gissant la pr\u00e9sente politique de confidentialit\u00e9.  <\/span><\/div>\n<div>Les informations personnelles recueillies aupr\u00e8s des clients enregistr\u00e9s sont stock\u00e9es dans une base de donn\u00e9es appartenant \u00e0 <b>LOYAL, SL,<\/b> qui assume les mesures de contr\u00f4le techniques, organisationnelles et de s\u00e9curit\u00e9 qui garantissent la confidentialit\u00e9 et l&rsquo;int\u00e9grit\u00e9 des informations conform\u00e9ment aux dispositions de la <b>Llei LQPD 29\/2021, du 28 octobre, qualifi\u00e9e pour la protection des donn\u00e9es personnelles ; ainsi que le r\u00e8glement sur la protection des donn\u00e9es personnelles RGPD UE-2016\/679.<\/b><\/div>\n<div><b>LOYAL, SL<\/b>, par le biais de son site web, utilisera les donn\u00e9es fournies par l&rsquo;utilisateur en interne pour l&rsquo;informer des services du groupe et des entreprises qui le composent, s&rsquo;il consid\u00e8re que cela pr\u00e9sente un int\u00e9r\u00eat pour l&rsquo;utilisateur.<\/div>\n<div>L&rsquo;utilisateur accepte que ses donn\u00e9es personnelles soient c\u00e9d\u00e9es \u00e0 d&rsquo;autres entreprises du groupe <b>LOYAL, SL<\/b> dans le seul but de fournir un meilleur service, en respectant, dans tous les cas, la l\u00e9gislation andorrane sur la protection des donn\u00e9es personnelles, en ne communiquant pas ces donn\u00e9es \u00e0 des tiers, sauf lorsque cela est strictement n\u00e9cessaire pour g\u00e9rer et maintenir la relation avec <b>LOYAL, SL<\/b> ou avec l&rsquo;autorisation pr\u00e9alable de l&rsquo;utilisateur en particulier.<\/div>\n<div>Dans tous les cas, vos donn\u00e9es seront trait\u00e9es avec un niveau de protection conforme aux r\u00e8gles applicables en mati\u00e8re de protection des donn\u00e9es et ne feront pas l&rsquo;objet de d\u00e9cisions automatis\u00e9es.<\/div>\n<div>Le responsable du traitement des donn\u00e9es personnelles fournies par l&rsquo;utilisateur lors de l&rsquo;acc\u00e8s et de l&rsquo;utilisation du site Web et des applications est <b>LOYAL, SL,<\/b> dont le si\u00e8ge social est situ\u00e9 \u00e0 ces fins :  <b>C\/ de la Constituci\u00f3, 15, Torre 1 Despacho 310 &#8211; ESCALDES ENGORDANY (PRINCIPAT D&rsquo;ANDORRA) <\/b>,<\/div>\n<div>La l\u00e9gitimit\u00e9 du traitement est l&rsquo;int\u00e9r\u00eat l\u00e9gitime de <b>LOYAL SL<\/b> \u00e0 maintenir la relation existante avec l&rsquo;utilisateur et, le cas \u00e9ch\u00e9ant, son consentement. Par cons\u00e9quent, <b>LOYAL SL<\/b> se souvient et conserve vos donn\u00e9es tant que la relation reste en vigueur, si l&rsquo;utilisateur ne r\u00e9voque pas le consentement donn\u00e9 au traitement de ses donn\u00e9es. En tout \u00e9tat de cause, lorsque les donn\u00e9es personnelles ne sont plus n\u00e9cessaires aux fins pour lesquelles elles ont \u00e9t\u00e9 collect\u00e9es et sans proc\u00e9der \u00e0 l&rsquo;annulation d\u00e9finitive de la m\u00eame, seront conserv\u00e9s sous une forme bloqu\u00e9e.  <\/div>\n<div><span>Tout utilisateur enregistr\u00e9 peut \u00e0 tout moment exercer son droit d&rsquo;acc\u00e8s, de rectification et, le cas \u00e9ch\u00e9ant, de suppression de ses donn\u00e9es personnelles fournies sur le site web.<\/span><span> <\/span><span><b><u><a id=\"m_-8901495771464812008OWA398fac52-1935-7f2f-e612-f273fac025e1\" title=\"http:\/\/www.loyalbusinesssconsulting.com\" href=\"http:\/\/www.loyalbusinesssconsulting.com\/\" target=\"_blank\" rel=\"noopener\">www.loyalbusinesssconsulting.com<\/a><\/u><\/b><\/span><span> <\/span><span>par communication \u00e9crite adress\u00e9e \u00e0 <b>LOYAL, SL<\/b>.  <b>C\/ de la Constituci\u00f3, 15, Torre 1 Despacho 310 &#8211; ESCALDES ENGORDANY (PRINCIPAT D&rsquo;ANDORRA) <\/b>  .<\/span><\/div>\n<div><span>Cette communication peut \u00e9galement \u00eatre faite en envoyant un e-mail \u00e0 l&rsquo;adresse de votre DPD, qui sont les identifiants de <b>DPD &#8211; ALBERT PONS<\/b> avec l&rsquo;adresse e-mail :<\/span><span> <\/span><span><u><a id=\"m_-8901495771464812008OWAc35ceba8-016d-d221-9746-d1cb1d650cad\" title=\"e-mail a:dpd@loyal.ad\" href=\"mailto:dpd@loyal.ad\" target=\"_blank\" rel=\"noopener\">dpd@loyal.ad<\/a><\/u><\/span><span> <\/span><span>.<\/span><\/div>\n<div>L&rsquo;utilisateur s&rsquo;engage \u00e0 \u00eatre inform\u00e9 de la possibilit\u00e9 de modifier les relations personnelles des donn\u00e9es qu&rsquo;il a fournies. Toute perte ou dommage caus\u00e9 au site web ou \u00e0 ses agents, \u00e0 <b>LOYAL, SL<\/b> ou \u00e0 tout tiers par la communication d&rsquo;informations erron\u00e9es, inexactes ou incompl\u00e8tes rel\u00e8ve de la seule et unique responsabilit\u00e9 de l&rsquo;utilisateur. <\/div>\n<div><b>PROPRI\u00c9T\u00c9 INTELLECTUELLE ET INDUSTRIELLE<\/b><\/div>\n<div>Tous les contenus du Site Internet et de l&rsquo;Application, y compris, mais sans s&rsquo;y limiter, les textes, marques, photographies, images, ic\u00f4nes, liens, ainsi que sa conception graphique et ses codes sources (ci-apr\u00e8s, les \u00a0\u00bb Contenus \u00ab\u00a0), sont la propri\u00e9t\u00e9 intellectuelle de <b>LOYAL, SL<\/b> ou de tiers et, par cons\u00e9quent, aucun des droits d&rsquo;exploitation reconnus par la r\u00e9glementation en vigueur en mati\u00e8re de propri\u00e9t\u00e9 intellectuelle n&rsquo;est c\u00e9d\u00e9 \u00e0 l&rsquo;Utilisateur, \u00e0 l&rsquo;exception de ceux qui sont strictement n\u00e9cessaires \u00e0 l&rsquo;utilisation du Site Internet et de l&rsquo;Application.<\/div>\n<div>Les identifications, marques, noms ou signes distinctifs sont la propri\u00e9t\u00e9 de <b>LOYAL, SL<\/b> ou de tiers, sans qu&rsquo;il soit entendu que l&rsquo;acc\u00e8s au Site Web et\/ou \u00e0 l&rsquo;Application attribue un quelconque droit sur les identifications, noms et\/ou signes distinctifs susmentionn\u00e9s.<\/div>\n<div><b>EXCLUSION DE LA RESPONSABILIT\u00c9<\/b><\/div>\n<div>Le PROPRI\u00c9TAIRE fait tout son possible pour que les donn\u00e9es et les informations fournies sur le site soient toujours \u00e0 jour, mais il ne garantit pas et n&rsquo;est pas responsable de l&rsquo;exactitude et de la mise \u00e0 jour du site, et il se r\u00e9serve le droit de les modifier \u00e0 tout moment. Le PROPRI\u00c9TAIRE n&rsquo;est pas non plus responsable des informations qui peuvent \u00eatre obtenues par le biais des liens figurant sur le site web. <\/div>\n<div>La dur\u00e9e de la fourniture du service d&rsquo;h\u00e9bergement web et des services est ind\u00e9termin\u00e9e.<\/div>\n<div>Sans pr\u00e9judice de ce qui pr\u00e9c\u00e8de, <b>LOYAL, SL<\/b> se r\u00e9serve le droit d&rsquo;interrompre, de suspendre ou de mettre fin \u00e0 la prestation du service du site Web ou de l&rsquo;un des services qui le composent. <b>LOYAL, SL<\/b> n&rsquo;accorde aucune garantie et n&rsquo;est en aucun cas responsable des dommages et pr\u00e9judices de toute nature pouvant d\u00e9couler de ce qui suit :<\/div>\n<ul>\n<li>Le manque de disponibilit\u00e9, de maintenance et de fonctionnement efficace du site web et\/ou de ses services actuels.<\/li>\n<li>Le manque d&rsquo;utilit\u00e9, d&rsquo;ad\u00e9quation ou de validit\u00e9 du site web et\/ou de ses services ou contenus pour satisfaire les besoins, les activit\u00e9s ou les r\u00e9sultats sp\u00e9cifiques ou les attentes des utilisateurs.<\/li>\n<li>l&rsquo;existence de virus, de logiciels malveillants ou de bogues dans le contenu.<\/li>\n<li>La r\u00e9ception, la collecte, le stockage, la diffusion ou la transmission de contenus par les utilisateurs.<\/li>\n<li>L&rsquo;utilisation illicite, n\u00e9gligente, frauduleuse, contraire aux pr\u00e9sentes conditions g\u00e9n\u00e9rales, \u00e0 la bonne foi, aux usages g\u00e9n\u00e9ralement admis ou \u00e0 l&rsquo;ordre public, du site web, de ses serveurs ou de son contenu, par les utilisateurs.<\/li>\n<li>le manque de l\u00e9galit\u00e9, de qualit\u00e9, de fiabilit\u00e9, d&rsquo;utilit\u00e9 et de disponibilit\u00e9 des services fournis par des tiers et des sites mis \u00e0 la disposition des utilisateurs sur le site web.<\/li>\n<li>le non-respect par des tiers de leurs obligations ou engagements relatifs aux services fournis aux utilisateurs par l&rsquo;interm\u00e9diaire du site web.<\/li>\n<\/ul>\n<div>Les relations commerciales avec les clients sont r\u00e9gies par les conditions g\u00e9n\u00e9rales qui, si elles sont \u00e9tablies, feront l&rsquo;objet d&rsquo;un document sp\u00e9cifique \u00e0 cet effet, ou par les accords sp\u00e9cifiques qui peuvent \u00eatre convenus avec les clients.<\/div>\n<div><b>CONDITIONS D&rsquo;UTILISATION<\/b><\/div>\n<div>L&rsquo;utilisation de cette application web implique la pleine acceptation des termes de cet avis juridique. Tout conflit \u00e9ventuel li\u00e9 \u00e0 ce site Web sera r\u00e9gi exclusivement par la loi de la Principaut\u00e9 d&rsquo;Andorre, et les tribunaux de la Principaut\u00e9 d&rsquo;Andorre seront seuls comp\u00e9tents pour leur r\u00e9solution. Tous les utilisateurs du site Web, quelle que soit la juridiction territoriale de la qualit\u00e9 de leur acc\u00e8s, acceptent l&rsquo;application et le respect de ces clauses, renon\u00e7ant express\u00e9ment \u00e0 toute autre qui pourrait leur correspondre.  <\/div>\n<div>Toutes les informations et documentations disponibles dans des langues autres que le catalan sur ce site web sont fournies \u00e0 titre d&rsquo;information uniquement. En cas de divergence entre le contenu de la version en langues autres que le catalan et la version originale en catalan, c&rsquo;est cette derni\u00e8re qui pr\u00e9vaut. <\/div>","protected":false},"excerpt":{"rendered":"<p>CLAUSE DU FORMULAIRE DE CONTACT Informations sur le traitement des donn\u00e9es : LQPD 29\/2021 et RGPD (EU) 2016\/679Responsable du traitement : LOYAL SL NRT : L714927N Adresse : C\/ de la Constituci\u00f3, 15, bureau 310. T\u00e9l\u00e9phone : (+376) 800 870 Finalit\u00e9 : Offrir, fournir et facturer nos services.L\u00e9gitimation : Consentement de l&rsquo;int\u00e9ress\u00e9.Destinataires : Les donn\u00e9es&#8230;<\/p>\n","protected":false},"author":1,"featured_media":0,"parent":0,"menu_order":0,"comment_status":"closed","ping_status":"closed","template":"","meta":{"_acf_changed":false,"footnotes":""},"class_list":["post-914","page","type-page","status-publish","hentry"],"acf":[],"yoast_head":"<!-- This site is optimized with the Yoast SEO plugin v26.5 - https:\/\/yoast.com\/wordpress\/plugins\/seo\/ -->\n<title>Politique de confidentialit\u00e9 - Loyal<\/title>\n<meta name=\"robots\" content=\"index, follow, max-snippet:-1, max-image-preview:large, max-video-preview:-1\" \/>\n<link rel=\"canonical\" href=\"https:\/\/loyalbusinessconsulting.com\/fr\/politique-de-confidentialite\/\" \/>\n<meta property=\"og:locale\" content=\"fr_FR\" \/>\n<meta property=\"og:type\" content=\"article\" \/>\n<meta property=\"og:title\" content=\"Politique de confidentialit\u00e9 - Loyal\" \/>\n<meta property=\"og:description\" content=\"CLAUSE DU FORMULAIRE DE CONTACT Informations sur le traitement des donn\u00e9es : LQPD 29\/2021 et RGPD (EU) 2016\/679Responsable du traitement : LOYAL SL NRT : L714927N Adresse : C\/ de la Constituci\u00f3, 15, bureau 310. T\u00e9l\u00e9phone : (+376) 800 870 Finalit\u00e9 : Offrir, fournir et facturer nos services.L\u00e9gitimation : Consentement de l&rsquo;int\u00e9ress\u00e9.Destinataires : Les donn\u00e9es...\" \/>\n<meta property=\"og:url\" content=\"https:\/\/loyalbusinessconsulting.com\/fr\/politique-de-confidentialite\/\" \/>\n<meta property=\"og:site_name\" content=\"Loyal\" \/>\n<meta property=\"article:modified_time\" content=\"2025-05-29T16:45:29+00:00\" \/>\n<meta name=\"twitter:card\" content=\"summary_large_image\" \/>\n<meta name=\"twitter:label1\" content=\"Dur\u00e9e de lecture estim\u00e9e\" \/>\n\t<meta name=\"twitter:data1\" content=\"9 minutes\" \/>\n<script type=\"application\/ld+json\" class=\"yoast-schema-graph\">{\"@context\":\"https:\/\/schema.org\",\"@graph\":[{\"@type\":\"WebPage\",\"@id\":\"https:\/\/loyalbusinessconsulting.com\/fr\/politique-de-confidentialite\/\",\"url\":\"https:\/\/loyalbusinessconsulting.com\/fr\/politique-de-confidentialite\/\",\"name\":\"Politique de confidentialit\u00e9 - Loyal\",\"isPartOf\":{\"@id\":\"https:\/\/loyalbusinessconsulting.com\/fr\/#website\"},\"datePublished\":\"2025-03-18T12:03:51+00:00\",\"dateModified\":\"2025-05-29T16:45:29+00:00\",\"breadcrumb\":{\"@id\":\"https:\/\/loyalbusinessconsulting.com\/fr\/politique-de-confidentialite\/#breadcrumb\"},\"inLanguage\":\"fr-FR\",\"potentialAction\":[{\"@type\":\"ReadAction\",\"target\":[\"https:\/\/loyalbusinessconsulting.com\/fr\/politique-de-confidentialite\/\"]}]},{\"@type\":\"BreadcrumbList\",\"@id\":\"https:\/\/loyalbusinessconsulting.com\/fr\/politique-de-confidentialite\/#breadcrumb\",\"itemListElement\":[{\"@type\":\"ListItem\",\"position\":1,\"name\":\"Portada\",\"item\":\"https:\/\/loyalbusinessconsulting.com\/fr\/accueil\/\"},{\"@type\":\"ListItem\",\"position\":2,\"name\":\"Politique de confidentialit\u00e9\"}]},{\"@type\":\"WebSite\",\"@id\":\"https:\/\/loyalbusinessconsulting.com\/fr\/#website\",\"url\":\"https:\/\/loyalbusinessconsulting.com\/fr\/\",\"name\":\"Loyal\",\"description\":\"\",\"potentialAction\":[{\"@type\":\"SearchAction\",\"target\":{\"@type\":\"EntryPoint\",\"urlTemplate\":\"https:\/\/loyalbusinessconsulting.com\/fr\/?s={search_term_string}\"},\"query-input\":{\"@type\":\"PropertyValueSpecification\",\"valueRequired\":true,\"valueName\":\"search_term_string\"}}],\"inLanguage\":\"fr-FR\"}]}<\/script>\n<!-- \/ Yoast SEO plugin. -->","yoast_head_json":{"title":"Politique de confidentialit\u00e9 - Loyal","robots":{"index":"index","follow":"follow","max-snippet":"max-snippet:-1","max-image-preview":"max-image-preview:large","max-video-preview":"max-video-preview:-1"},"canonical":"https:\/\/loyalbusinessconsulting.com\/fr\/politique-de-confidentialite\/","og_locale":"fr_FR","og_type":"article","og_title":"Politique de confidentialit\u00e9 - Loyal","og_description":"CLAUSE DU FORMULAIRE DE CONTACT Informations sur le traitement des donn\u00e9es : LQPD 29\/2021 et RGPD (EU) 2016\/679Responsable du traitement : LOYAL SL NRT : L714927N Adresse : C\/ de la Constituci\u00f3, 15, bureau 310. T\u00e9l\u00e9phone : (+376) 800 870 Finalit\u00e9 : Offrir, fournir et facturer nos services.L\u00e9gitimation : Consentement de l&rsquo;int\u00e9ress\u00e9.Destinataires : Les donn\u00e9es...","og_url":"https:\/\/loyalbusinessconsulting.com\/fr\/politique-de-confidentialite\/","og_site_name":"Loyal","article_modified_time":"2025-05-29T16:45:29+00:00","twitter_card":"summary_large_image","twitter_misc":{"Dur\u00e9e de lecture estim\u00e9e":"9 minutes"},"schema":{"@context":"https:\/\/schema.org","@graph":[{"@type":"WebPage","@id":"https:\/\/loyalbusinessconsulting.com\/fr\/politique-de-confidentialite\/","url":"https:\/\/loyalbusinessconsulting.com\/fr\/politique-de-confidentialite\/","name":"Politique de confidentialit\u00e9 - Loyal","isPartOf":{"@id":"https:\/\/loyalbusinessconsulting.com\/fr\/#website"},"datePublished":"2025-03-18T12:03:51+00:00","dateModified":"2025-05-29T16:45:29+00:00","breadcrumb":{"@id":"https:\/\/loyalbusinessconsulting.com\/fr\/politique-de-confidentialite\/#breadcrumb"},"inLanguage":"fr-FR","potentialAction":[{"@type":"ReadAction","target":["https:\/\/loyalbusinessconsulting.com\/fr\/politique-de-confidentialite\/"]}]},{"@type":"BreadcrumbList","@id":"https:\/\/loyalbusinessconsulting.com\/fr\/politique-de-confidentialite\/#breadcrumb","itemListElement":[{"@type":"ListItem","position":1,"name":"Portada","item":"https:\/\/loyalbusinessconsulting.com\/fr\/accueil\/"},{"@type":"ListItem","position":2,"name":"Politique de confidentialit\u00e9"}]},{"@type":"WebSite","@id":"https:\/\/loyalbusinessconsulting.com\/fr\/#website","url":"https:\/\/loyalbusinessconsulting.com\/fr\/","name":"Loyal","description":"","potentialAction":[{"@type":"SearchAction","target":{"@type":"EntryPoint","urlTemplate":"https:\/\/loyalbusinessconsulting.com\/fr\/?s={search_term_string}"},"query-input":{"@type":"PropertyValueSpecification","valueRequired":true,"valueName":"search_term_string"}}],"inLanguage":"fr-FR"}]}},"_links":{"self":[{"href":"https:\/\/loyalbusinessconsulting.com\/fr\/wp-json\/wp\/v2\/pages\/914","targetHints":{"allow":["GET"]}}],"collection":[{"href":"https:\/\/loyalbusinessconsulting.com\/fr\/wp-json\/wp\/v2\/pages"}],"about":[{"href":"https:\/\/loyalbusinessconsulting.com\/fr\/wp-json\/wp\/v2\/types\/page"}],"author":[{"embeddable":true,"href":"https:\/\/loyalbusinessconsulting.com\/fr\/wp-json\/wp\/v2\/users\/1"}],"replies":[{"embeddable":true,"href":"https:\/\/loyalbusinessconsulting.com\/fr\/wp-json\/wp\/v2\/comments?post=914"}],"version-history":[{"count":1,"href":"https:\/\/loyalbusinessconsulting.com\/fr\/wp-json\/wp\/v2\/pages\/914\/revisions"}],"predecessor-version":[{"id":1087,"href":"https:\/\/loyalbusinessconsulting.com\/fr\/wp-json\/wp\/v2\/pages\/914\/revisions\/1087"}],"wp:attachment":[{"href":"https:\/\/loyalbusinessconsulting.com\/fr\/wp-json\/wp\/v2\/media?parent=914"}],"curies":[{"name":"wp","href":"https:\/\/api.w.org\/{rel}","templated":true}]}}