{"id":893,"date":"2025-03-18T13:03:51","date_gmt":"2025-03-18T12:03:51","guid":{"rendered":"https:\/\/loyalbusinessconsulting.com\/politica-de-privadesa\/"},"modified":"2025-05-12T12:30:51","modified_gmt":"2025-05-12T10:30:51","slug":"politica-de-privadesa","status":"publish","type":"page","link":"https:\/\/loyalbusinessconsulting.com\/ca\/politica-de-privadesa\/","title":{"rendered":"Pol\u00edtica de privadesa"},"content":{"rendered":"\n<div><strong><u>CL\u00c0USULA FORMULARI DE CONTACTE<\/u><\/strong><\/div>\n<div><strong>Informaci\u00f3 sobre el tractament de dades:<\/strong> LQPD 29\/2021 i RGPD (UE) 2016\/679<br> <strong>Responsable del tractament:<\/strong> LOYAL SL<\/div>\n<div><strong>NRT:<\/strong> L714927N<\/div>\n<div><strong>Adre\u00e7a:<\/strong> C\/ de la Constituci\u00f3, 15. Despatx 310. <\/div>\n<div><strong>Tel\u00e8fon:<\/strong> (+376) 800 870<\/div>\n<div><strong>Finalitat:<\/strong> Oferir, prestar i facturar els nostres serveis.<br> <strong>Legitimaci\u00f3:<\/strong> Consentiment de linteressat.<br> <strong>Destinataris:<\/strong> Les dades no se cediran a tercers, llevat que ho exigeixi la Llei o sigui necessari per complir amb la finalitat del tractament.<br> <strong>Drets:<\/strong> Podeu accedir, rectificar i suprimir dades, aix\u00ed com exercir la resta de drets explicats a la nostra <strong>Pol\u00edtica de Privadesa i Protecci\u00f3 de Dades<\/strong> .<\/div>\n<div>M\u00e9s informaci\u00f3 a la nostra <strong>Pol\u00edtica de Privadesa i Protecci\u00f3 de Dades<\/strong> .<br> <strong>Identificaci\u00f3 del nostre DPD:<\/strong> Albert PONS amb el n\u00famero de resoluci\u00f3 APD-2024-000586 \u2013 <u><a href=\"mailto:dpd@loyal.ad\">dpd@loyal.ad<\/a><\/u> .<\/div>\n<div> <\/div>\n<div><b><u>2. Av\u00eds Legal Pol\u00edtica de Privadesa i Protecci\u00f3 de Dades<\/u><\/b><\/div>\n<div><b>LOYAL, SL<\/b><\/div>\n<div><b>TEXT AV\u00cdS LEGAL<\/b><\/div>\n<div>En compliment del previst a la <b>Llei 12\/2013 de 13 de juny que regula el comer\u00e7 i el comer\u00e7 electr\u00f2nic, aix\u00ed com la Llei 35\/2014 de 27 de novembre de serveis de confian\u00e7a electr\u00f2nica<\/b> , en aquest Av\u00eds Legal s&#8217;informa que <b><u><a href=\"http:\/\/www.loyalbusinessconsulting.com\" target=\"_blank\" rel=\"noopener\">www.loyalbusinessconsulting.com<\/a><\/u><\/b> \u00e9s un domini de l&#8217;empresa LOYAL, SL amb domicili social a  <b>C\/ de la Constituci\u00f3, 15. Torre 1 Despatx 310. &#8211; ESCALDES ENGORDANY (PRINCIPAT D&#8217;ANDORRA)  <\/b>, tel\u00e8fon (+376) 800 870 i correu electr\u00f2nic: <u><a href=\"mailto:info@loyal.ad\" target=\"_blank\" rel=\"noopener\">info@loyal.ad<\/a><\/u> .<\/div>\n<div>Inscrita al Registre de Societats del Principat d&#8217;Andorra amb n\u00famero 18831, llibre S-316, folis 311-320, inscripci\u00f3 de dades el 22 de febrer de 2021 amb NRT L-714927N.<\/div>\n<div>Per a m\u00e9s informaci\u00f3, podeu posar-vos en contacte amb el nostre <b>Delegat de Protecci\u00f3 de Dades<\/b> , qui resoldr\u00e0 qualsevol dubte o aclariment al respecte. Les vostres dades de contacte i identificaci\u00f3 s\u00f3n: ALBERT PONS \u2013 <u><a href=\"mailto:dpd@loyal.ad\" target=\"_blank\" rel=\"noopener\">dpd@loyal.ad<\/a><\/u> . <\/div>\n<div><b><br>ACC\u00c9S ALS USUARIS<\/b><\/div>\n<div>L&#8217;acc\u00e9s al lloc web <b><u><a href=\"http:\/\/www.loyalbusinessconsulting.com\" target=\"_blank\" rel=\"noopener\">www.loyalbusinessconsulting.com<\/a><\/u><\/b> atorga a qui el realitza la condici\u00f3 d&#8217;USUARI, i expressa l&#8217;acceptaci\u00f3 plena i sense reserves per part de l&#8217;USUARI de totes i cadascuna de les CONDICIONS D&#8217;\u00daS presents.<\/div>\n<div>La prestaci\u00f3 del servei dallotjament web t\u00e9 car\u00e0cter gratu\u00eft. No obstant aix\u00f2, <b>LOYAL, SL<\/b> es reserva la possibilitat de condicionar l&#8217;acc\u00e9s a determinats serveis puntuals al registre previ de l&#8217;USUARI mitjan\u00e7ant l&#8217;\u00fas del formulari de contacte i\/o newsletter, que estar\u00e0, si escau, a disposici\u00f3 de qui es vulgui registrar com a USUARI REGISTRAT. <\/div>\n<div>Quan sigui necessari que l&#8217;USUARI es registri com a USUARI REGISTRAT o aporti dades personals per accedir a algun dels serveis espec\u00edfics, a la recollida i tractament de les dades personals dels USUARIS li ser\u00e0 aplicable el que disposa l&#8217;ep\u00edgraf sobre pol\u00edtica de privadesa, sense contravenir la legislaci\u00f3 vigent, la bona fe, els usos generalment acceptats i l&#8217;ordre p\u00fablic. Aix\u00ed mateix, queda prohibit l&#8217;\u00fas del lloc web amb finalitats il\u00b7l\u00edcites o lesives contra <b>LOYAL, SL<\/b> o qualsevol tercer, que de qualsevol manera puguin causar perjudici o impedir el funcionament normal del lloc web. En aquest cas, <b>LOYAL SL<\/b> es reserva el dret d&#8217;interposar les accions legals corresponents.  <\/div>\n<div><b> <\/b><\/div>\n<div><b>POL\u00cdTICA DE PRIVACITAT DEL LLOC WEB I APLICACIONS.<\/b><\/div>\n<div><span>En utilitzar aquest Lloc Web, les Aplicacions, i\/o en comunicar-se electr\u00f2nicament amb <b>LOYAL SL<\/b> a trav\u00e9s del seu web<\/span><span> <\/span><span><b><u><a id=\"m_-8901495771464812008OWAcefe7e21-de16-2409-0c1c-f600f75bd4dd\" title=\"http:\/\/www.loyalbusinessconsulting.com\" href=\"http:\/\/www.loyalbusinessconsulting.com\/\" target=\"_blank\" rel=\"noopener\">www.loyalbusinessconsulting.com<\/a><\/u><\/b><\/span><span> <\/span><span>, es recullen i es tracten les dades personals que se sol\u00b7licita a l&#8217;usuari. Les dades proporcionades per l&#8217;Usuari quedaran incorporades a un fitxer automatitzat de dades de car\u00e0cter personal, titularitat de <b>LOYAL, SL<\/b> , el qual ser\u00e0 processat amb la finalitat de prestar els serveis sol\u00b7licitats per l&#8217;Usuari. L&#8217;usuari autoritza el tractament automatitzat de les entitats personals subministrades, necess\u00e0ries per a la prestaci\u00f3 dels serveis pactats, i les condicions que regeixen aquesta pol\u00edtica de privadesa.  <\/span><\/div>\n<div>La informaci\u00f3 personal recopilada dels clients registrats s&#8217;emmagatzema en una base de dades propiet\u00e0ria de <b>LOYAL, SL<\/b> , que assumeix les mesures de control t\u00e8cnic, organitzatiu i de seguretat que garanteixen la confidencialitat i integritat de la informaci\u00f3 d&#8217;acord amb all\u00f2 establert per la <b>Llei LQPD 29\/2021, de 28 d&#8217;octubre, qualificada de protecci\u00f3 de persones personals; aix\u00ed com el Reglament de Protecci\u00f3 de Dades de Car\u00e0cter Personal RGPD UE-2016\/679.<\/b><\/div>\n<div><b>LOYAL, SL<\/b> a trav\u00e9s de la seva web, utilitzar\u00e0 les dades proporcionades per l&#8217;Usuari de manera interna per donar a con\u00e8ixer a l&#8217;Usuari els serveis del Grup i les empreses que el conformen, si aix\u00ed ho considera i que hi pogu\u00e9s ser d&#8217;inter\u00e8s.<\/div>\n<div>L&#8217;usuari accepta que les seves dades personals siguin cedides a altres empreses del grup <b>LOYAL, SL<\/b> amb l&#8217;\u00fanica finalitat d&#8217;una millor prestaci\u00f3 del servei, respectant, en tots els casos, la legislaci\u00f3 andorrana sobre la protecci\u00f3 de les dades de car\u00e0cter personal, no comunicant aquestes dades a tercers, excepte quan sigui per estrictes necessitats per gestionar i mantenir la relaci\u00f3 amb <b>LOYAL, SL<\/b> o pr\u00e8via.<\/div>\n<div>En qualsevol cas, les vostres dades seran tractades amb un nivell de protecci\u00f3 conforme a les normes aplicables sobre Protecci\u00f3 de Dades i no seran sotmeses a decisions automatitzades.<\/div>\n<div>El responsable del tractament de les dades personals que l&#8217;usuari facilita en accedir i utilitzar el Lloc Web i les Aplicacions \u00e9s <b>LOYAL, SL<\/b> amb domicili social a aquest efecte:  <b>C\/ de la Constituci\u00f3, 15. Torre 1 Despatx 310.- ESCALDES ENGORDANY (PRINCIPAT D&#8217;ANDORRA) <\/b>,<\/div>\n<div>La legitimaci\u00f3 per al tractament \u00e9s l&#8217;inter\u00e8s leg\u00edtim de <b>LOYAL SL<\/b> a mantenir la relaci\u00f3 existent amb l&#8217;usuari i, si escau, el consentiment. Per tant, <b>LOYAL, SL<\/b> recorda i mant\u00e9 les seves dades mentre la relaci\u00f3 segueix vigent, si fos aix\u00ed, l&#8217;usuari no revoca el consentiment que ha prestat al tractament de les seves dades. En tot cas, quan les dades personals ja no siguin necess\u00e0ries per a la fi per a la qual van ser recollides i mentre no es procedeixi a la cancel\u00b7laci\u00f3 definitiva, es conservaran de forma bloquejada.  <\/div>\n<div><span>Qualsevol usuari registrat podr\u00e0 en qualsevol moment exercitar el dret d&#8217;acc\u00e9s, rectificaci\u00f3 i, si escau, a la supressi\u00f3 de les dades de car\u00e0cter personal proporcionades a la web<\/span><span> <\/span><span><b><u><a id=\"m_-8901495771464812008OWA398fac52-1935-7f2f-e612-f273fac025e1\" title=\"http:\/\/www.loyalbusinesssconsulting.com\" href=\"http:\/\/www.loyalbusinesssconsulting.com\/\" target=\"_blank\" rel=\"noopener\">www.loyalbusinesssconsulting.com<\/a><\/u><\/b><\/span><span> <\/span><span>, mitjan\u00e7ant comunicaci\u00f3 escrita dirigida a <b>LOYAL, SL<\/b> .  <b>C\/ de la Constituci\u00f3, 15. Torre 1 Despatx 310.- ESCALDES ENGORDANY (PRINCIPAT D&#8217;ANDORRA) <\/b>  .<\/span><\/div>\n<div><span>Aquesta comunicaci\u00f3 tamb\u00e9 es pot fer mitjan\u00e7ant l&#8217;enviament d&#8217;un correu electr\u00f2nic a l&#8217;adre\u00e7a del vostre DPD, qui s\u00f3n els identificadors <b>de DPD \u2013 ALBERT PONS<\/b> amb l&#8217;adre\u00e7a de correu electr\u00f2nic:<\/span><span> <\/span><span><u><a id=\"m_-8901495771464812008OWAc35ceba8-016d-d221-9746-d1cb1d650cad\" title=\"correu a:dpd@loyal.ad\" href=\"mailto:dpd@loyal.ad\" target=\"_blank\" rel=\"noopener\">dpd@loyal.ad<\/a><\/u><\/span><span> <\/span><span>.<\/span><\/div>\n<div>L&#8217;usuari es compromet a rebre una notificaci\u00f3 quan pugui modificar les relacions personals de les dades que ha facilitat. Qualsevol p\u00e8rdua o dany causat al lloc web o per agents, <b>LOYAL, SL<\/b> o de qualsevol tercer mitjan\u00e7ant la comunicaci\u00f3 d&#8217;informaci\u00f3 err\u00f2nia, inexacta o incompleta ser\u00e0 responsabilitat \u00fanica i exclusiva de l&#8217;usuari. <\/div>\n<div><b>PROPIETAT INTEL\u00b7LECTUAL I INDUSTRIAL<\/b><\/div>\n<div>Tot el contingut del Lloc Web i l&#8217;Aplicaci\u00f3, incloent a t\u00edtol merament enunciatiu per\u00f2 no limitatiu, els textos, marques, fotografies, imatges, icones, enlla\u00e7os, aix\u00ed com el seu disseny gr\u00e0fic i codis font (d&#8217;ara endavant, els \u201cContinguts\u201d), s\u00f3n propietat intel\u00b7lectual de <b>LOYAL, SL<\/b> o de tercers, per la qual cosa no se cedeixen a l&#8217;Usu dels propietat intel\u00b7lectual sobre aquests, excepte aquells que resultin estrictament necessaris per a l&#8217;\u00fas del Lloc Web i de l&#8217;Aplicaci\u00f3.<\/div>\n<div>Les identificacions, marques, noms o signes distintius s\u00f3n titularitat de <b>LOYAL, SL<\/b> o de tercers, sense que es pugui entendre que l&#8217;acc\u00e9s al Lloc Web i\/o Aplicaci\u00f3 atribueix algun dret sobre les identificacions, noms i\/o signes distintius.<\/div>\n<div><b>EXCLUSI\u00d3 DE RESPONSABILITAT<\/b><\/div>\n<div>EL TITULAR actua amb la m\u00e0xima dilig\u00e8ncia possible perqu\u00e8 les dades i la informaci\u00f3 que ofereix al lloc web estiguin actualitzades en tot moment, per\u00f2 no garanteix ni \u00e9s responsable de l&#8217;exactitud i actualitzaci\u00f3 del lloc web, reservant-se el dret a modificar-les en qualsevol moment. EL TITULAR tampoc ser\u00e0 responsable de la informaci\u00f3 que es pugui obtenir a trav\u00e9s dels enlla\u00e7os inclosos al lloc web. <\/div>\n<div>La durada de la prestaci\u00f3 del servei dallotjament web i dels serveis \u00e9s de car\u00e0cter indefinit.<\/div>\n<div>Sense perjudici d&#8217;aix\u00f2, <b>LOYAL, SL<\/b> es reserva el dret d&#8217;interrompre, suspendre o finalitzar la prestaci\u00f3 del servei del Lloc Web o de qualsevol dels serveis que l&#8217;integrin. <b>LOYAL, SL<\/b> no atorga cap garantia ni \u00e9s responsable, en cap cas, dels danys i perjudicis de qualsevol naturalesa que poguessin derivar-se de:<\/div>\n<ul>\n<li>La manca de disponibilitat, manteniment i funcionament efectiu del Lloc Web i\/o dels seus serveis actuals.<\/li>\n<li>La manca dutilitat, adequaci\u00f3 o validesa del Lloc Web i\/o dels seus serveis o continguts per satisfer necessitats, activitats o resultats concrets o expectatives dels usuaris.<\/li>\n<li>L&#8217;exist\u00e8ncia de virus, programes maliciosos o errors en els continguts.<\/li>\n<li>La recepci\u00f3, obtenci\u00f3, emmagatzematge, difusi\u00f3 o transmissi\u00f3, per part dels usuaris, dels continguts.<\/li>\n<li>L&#8217;\u00fas il\u00b7l\u00edcit, negligent, fraudulent, contrari a aquestes Condicions Generals, a la bona fe, als usos generalment acceptats oa l&#8217;ordre p\u00fablic, del lloc web, dels seus servidors o continguts, per part dels usuaris.<\/li>\n<li>La manca de legalitat, qualitat, fiabilitat, utilitat i disponibilitat dels serveis prestats per tercers i llocs a disposici\u00f3 dels usuaris al lloc web.<\/li>\n<li>L&#8217;incompliment per part de tercers de les obligacions o compromisos en relaci\u00f3 amb els serveis prestats als usuaris a trav\u00e9s del lloc web.<\/li>\n<\/ul>\n<div>Les relacions comercials amb els clients es regeixen per les condicions generals que, si sestableixen, es fixaran en un document espec\u00edfic a aquest efecte, o els acords concrets que puguin ser pactats amb els clients.<\/div>\n<div><b>CONDICIONS D&#8217;\u00daS<\/b><\/div>\n<div>L\u00b4\u00fas d\u00b4aquesta sol\u00b7licitud web implica l\u00b4acceptaci\u00f3 plena dels termes del present av\u00eds legal. Els possibles conflictes relacionats amb aquesta web es regiran exclusivament pel dret del Principat d&#8217;Andorra, i per resoldre&#8217;ls seran els tribunals del Principat d&#8217;Andorra els \u00fanics competents. Tota persona usu\u00e0ria de la web, independentment de la jurisdicci\u00f3 territorial de la qualitat del seu acc\u00e9s, accepta el compliment i el respecte d&#8217;aquestes cl\u00e0usules amb ren\u00fancia expressa a qualsevol altra que li pogu\u00e9s correspondre.  <\/div>\n<div>Tota la informaci\u00f3 i documentaci\u00f3 disponible en altres idiomes diferents al catal\u00e0 de la present p\u00e0gina web \u00e9s proporcionada \u00fanicament a efectes informatius. En cas de discrep\u00e0ncia entre el contingut de la versi\u00f3 en altres idiomes diferents del catal\u00e0 i la versi\u00f3 original en catal\u00e0, prevaldr\u00e0 aquesta darrera. <\/div>","protected":false},"excerpt":{"rendered":"<p>CL\u00c0USULA FORMULARI DE CONTACTE Informaci\u00f3 sobre el tractament de dades: LQPD 29\/2021 i RGPD (UE) 2016\/679 Responsable del tractament: LOYAL SL NRT: L714927N Adre\u00e7a: C\/ de la Constituci\u00f3, 15. Despatx 310. Tel\u00e8fon: (+376) 800 870 Finalitat: Oferir, prestar i facturar els nostres serveis. Legitimaci\u00f3: Consentiment de linteressat. Destinataris: Les dades no se cediran a tercers,&#8230;<\/p>\n","protected":false},"author":1,"featured_media":0,"parent":0,"menu_order":0,"comment_status":"closed","ping_status":"closed","template":"","meta":{"_acf_changed":false,"footnotes":""},"class_list":["post-893","page","type-page","status-publish","hentry"],"acf":[],"yoast_head":"<!-- This site is optimized with the Yoast SEO plugin v26.5 - https:\/\/yoast.com\/wordpress\/plugins\/seo\/ -->\n<title>Pol\u00edtica de privadesa - Loyal<\/title>\n<meta name=\"robots\" content=\"index, follow, max-snippet:-1, max-image-preview:large, max-video-preview:-1\" \/>\n<link rel=\"canonical\" href=\"https:\/\/loyalbusinessconsulting.com\/ca\/politica-de-privadesa\/\" \/>\n<meta property=\"og:locale\" content=\"ca_ES\" \/>\n<meta property=\"og:type\" content=\"article\" \/>\n<meta property=\"og:title\" content=\"Pol\u00edtica de privadesa - Loyal\" \/>\n<meta property=\"og:description\" content=\"CL\u00c0USULA FORMULARI DE CONTACTE Informaci\u00f3 sobre el tractament de dades: LQPD 29\/2021 i RGPD (UE) 2016\/679 Responsable del tractament: LOYAL SL NRT: L714927N Adre\u00e7a: C\/ de la Constituci\u00f3, 15. Despatx 310. Tel\u00e8fon: (+376) 800 870 Finalitat: Oferir, prestar i facturar els nostres serveis. Legitimaci\u00f3: Consentiment de linteressat. Destinataris: Les dades no se cediran a tercers,...\" \/>\n<meta property=\"og:url\" content=\"https:\/\/loyalbusinessconsulting.com\/ca\/politica-de-privadesa\/\" \/>\n<meta property=\"og:site_name\" content=\"Loyal\" \/>\n<meta property=\"article:modified_time\" content=\"2025-05-12T10:30:51+00:00\" \/>\n<meta name=\"twitter:card\" content=\"summary_large_image\" \/>\n<meta name=\"twitter:label1\" content=\"Temps estimat de lectura\" \/>\n\t<meta name=\"twitter:data1\" content=\"8 minuts\" \/>\n<script type=\"application\/ld+json\" class=\"yoast-schema-graph\">{\"@context\":\"https:\/\/schema.org\",\"@graph\":[{\"@type\":\"WebPage\",\"@id\":\"https:\/\/loyalbusinessconsulting.com\/ca\/politica-de-privadesa\/\",\"url\":\"https:\/\/loyalbusinessconsulting.com\/ca\/politica-de-privadesa\/\",\"name\":\"Pol\u00edtica de privadesa - Loyal\",\"isPartOf\":{\"@id\":\"https:\/\/loyalbusinessconsulting.com\/ca\/#website\"},\"datePublished\":\"2025-03-18T12:03:51+00:00\",\"dateModified\":\"2025-05-12T10:30:51+00:00\",\"breadcrumb\":{\"@id\":\"https:\/\/loyalbusinessconsulting.com\/ca\/politica-de-privadesa\/#breadcrumb\"},\"inLanguage\":\"ca\",\"potentialAction\":[{\"@type\":\"ReadAction\",\"target\":[\"https:\/\/loyalbusinessconsulting.com\/ca\/politica-de-privadesa\/\"]}]},{\"@type\":\"BreadcrumbList\",\"@id\":\"https:\/\/loyalbusinessconsulting.com\/ca\/politica-de-privadesa\/#breadcrumb\",\"itemListElement\":[{\"@type\":\"ListItem\",\"position\":1,\"name\":\"Portada\",\"item\":\"https:\/\/loyalbusinessconsulting.com\/ca\/inici\/\"},{\"@type\":\"ListItem\",\"position\":2,\"name\":\"Pol\u00edtica de privadesa\"}]},{\"@type\":\"WebSite\",\"@id\":\"https:\/\/loyalbusinessconsulting.com\/ca\/#website\",\"url\":\"https:\/\/loyalbusinessconsulting.com\/ca\/\",\"name\":\"Loyal\",\"description\":\"\",\"potentialAction\":[{\"@type\":\"SearchAction\",\"target\":{\"@type\":\"EntryPoint\",\"urlTemplate\":\"https:\/\/loyalbusinessconsulting.com\/ca\/?s={search_term_string}\"},\"query-input\":{\"@type\":\"PropertyValueSpecification\",\"valueRequired\":true,\"valueName\":\"search_term_string\"}}],\"inLanguage\":\"ca\"}]}<\/script>\n<!-- \/ Yoast SEO plugin. -->","yoast_head_json":{"title":"Pol\u00edtica de privadesa - Loyal","robots":{"index":"index","follow":"follow","max-snippet":"max-snippet:-1","max-image-preview":"max-image-preview:large","max-video-preview":"max-video-preview:-1"},"canonical":"https:\/\/loyalbusinessconsulting.com\/ca\/politica-de-privadesa\/","og_locale":"ca_ES","og_type":"article","og_title":"Pol\u00edtica de privadesa - Loyal","og_description":"CL\u00c0USULA FORMULARI DE CONTACTE Informaci\u00f3 sobre el tractament de dades: LQPD 29\/2021 i RGPD (UE) 2016\/679 Responsable del tractament: LOYAL SL NRT: L714927N Adre\u00e7a: C\/ de la Constituci\u00f3, 15. Despatx 310. Tel\u00e8fon: (+376) 800 870 Finalitat: Oferir, prestar i facturar els nostres serveis. Legitimaci\u00f3: Consentiment de linteressat. Destinataris: Les dades no se cediran a tercers,...","og_url":"https:\/\/loyalbusinessconsulting.com\/ca\/politica-de-privadesa\/","og_site_name":"Loyal","article_modified_time":"2025-05-12T10:30:51+00:00","twitter_card":"summary_large_image","twitter_misc":{"Temps estimat de lectura":"8 minuts"},"schema":{"@context":"https:\/\/schema.org","@graph":[{"@type":"WebPage","@id":"https:\/\/loyalbusinessconsulting.com\/ca\/politica-de-privadesa\/","url":"https:\/\/loyalbusinessconsulting.com\/ca\/politica-de-privadesa\/","name":"Pol\u00edtica de privadesa - Loyal","isPartOf":{"@id":"https:\/\/loyalbusinessconsulting.com\/ca\/#website"},"datePublished":"2025-03-18T12:03:51+00:00","dateModified":"2025-05-12T10:30:51+00:00","breadcrumb":{"@id":"https:\/\/loyalbusinessconsulting.com\/ca\/politica-de-privadesa\/#breadcrumb"},"inLanguage":"ca","potentialAction":[{"@type":"ReadAction","target":["https:\/\/loyalbusinessconsulting.com\/ca\/politica-de-privadesa\/"]}]},{"@type":"BreadcrumbList","@id":"https:\/\/loyalbusinessconsulting.com\/ca\/politica-de-privadesa\/#breadcrumb","itemListElement":[{"@type":"ListItem","position":1,"name":"Portada","item":"https:\/\/loyalbusinessconsulting.com\/ca\/inici\/"},{"@type":"ListItem","position":2,"name":"Pol\u00edtica de privadesa"}]},{"@type":"WebSite","@id":"https:\/\/loyalbusinessconsulting.com\/ca\/#website","url":"https:\/\/loyalbusinessconsulting.com\/ca\/","name":"Loyal","description":"","potentialAction":[{"@type":"SearchAction","target":{"@type":"EntryPoint","urlTemplate":"https:\/\/loyalbusinessconsulting.com\/ca\/?s={search_term_string}"},"query-input":{"@type":"PropertyValueSpecification","valueRequired":true,"valueName":"search_term_string"}}],"inLanguage":"ca"}]}},"_links":{"self":[{"href":"https:\/\/loyalbusinessconsulting.com\/ca\/wp-json\/wp\/v2\/pages\/893","targetHints":{"allow":["GET"]}}],"collection":[{"href":"https:\/\/loyalbusinessconsulting.com\/ca\/wp-json\/wp\/v2\/pages"}],"about":[{"href":"https:\/\/loyalbusinessconsulting.com\/ca\/wp-json\/wp\/v2\/types\/page"}],"author":[{"embeddable":true,"href":"https:\/\/loyalbusinessconsulting.com\/ca\/wp-json\/wp\/v2\/users\/1"}],"replies":[{"embeddable":true,"href":"https:\/\/loyalbusinessconsulting.com\/ca\/wp-json\/wp\/v2\/comments?post=893"}],"version-history":[{"count":2,"href":"https:\/\/loyalbusinessconsulting.com\/ca\/wp-json\/wp\/v2\/pages\/893\/revisions"}],"predecessor-version":[{"id":1085,"href":"https:\/\/loyalbusinessconsulting.com\/ca\/wp-json\/wp\/v2\/pages\/893\/revisions\/1085"}],"wp:attachment":[{"href":"https:\/\/loyalbusinessconsulting.com\/ca\/wp-json\/wp\/v2\/media?parent=893"}],"curies":[{"name":"wp","href":"https:\/\/api.w.org\/{rel}","templated":true}]}}